{"id":10,"date":"2012-05-16T19:46:14","date_gmt":"2012-05-16T17:46:14","guid":{"rendered":"http:\/\/www.agenda-news.de\/?page_id=10"},"modified":"2018-05-23T09:33:11","modified_gmt":"2018-05-23T07:33:11","slug":"noch-eine-statische-seite","status":"publish","type":"page","link":"http:\/\/www.agenda-news.de\/?page_id=10","title":{"rendered":"Impressum"},"content":{"rendered":"<table width=\"100%\" border=\"0\" cellspacing=\"0\" cellpadding=\"0\">\n<tbody>\n<tr valign=\"top\">\n<td width=\"450\">\n<h2>Impressum<\/h2>\n<table width=\"430\" border=\"0\" cellspacing=\"0\" cellpadding=\"0\">\n<tbody>\n<tr align=\"left\" valign=\"top\">\n<td width=\"40%\"><strong>Anschrift<\/strong><\/td>\n<td width=\"60%\"><strong>Agenda -News<\/strong><br \/>\nDieter Neumann<br \/>\nAhltener Stra\u00dfe 25<br \/>\nD 31275 Lehrte<\/td>\n<\/tr>\n<tr align=\"left\" valign=\"top\">\n<td width=\"40%\"><strong>Beruf<\/strong><\/td>\n<td width=\"60%\">Freier Journalist<br \/>\nBuchautor<\/td>\n<\/tr>\n<tr align=\"left\" valign=\"top\">\n<td width=\"40%\"><strong>Telefon<\/strong><\/td>\n<td width=\"60%\">05132 52919<\/td>\n<\/tr>\n<tr align=\"left\" valign=\"top\">\n<td width=\"40%\"><strong>Telefax<\/strong><\/td>\n<td width=\"60%\">05132 52919<\/td>\n<\/tr>\n<tr align=\"left\" valign=\"top\">\n<td width=\"40%\"><strong>E-Mail<\/strong><\/td>\n<td width=\"60%\">info@agenda-news.de<\/td>\n<\/tr>\n<tr align=\"left\" valign=\"top\">\n<td width=\"40%\"><strong>Internet<\/strong><\/td>\n<td width=\"60%\"><a href=\"http:\/\/www.agenda-news.de\">www.agenda-news.de<\/a><\/td>\n<\/tr>\n<tr align=\"left\" valign=\"top\">\n<td><strong>Gegr\u00fcndet<\/strong><\/td>\n<td>2012<\/td>\n<\/tr>\n<tr align=\"left\" valign=\"top\">\n<td width=\"40%\"><strong>Umsatzsteuer-<br \/>\nIdentifikationsnummer<\/strong><\/td>\n<td width=\"60%\">16-131-06189<\/td>\n<\/tr>\n<tr align=\"left\" valign=\"top\">\n<td width=\"40%\"><strong>Verantwortlicher<\/strong> im<br \/>\nSinne des \u00a7 55 Abs. 2 RStV<\/td>\n<td width=\"60%\">Dieter Neumann (Anschrift wie oben)<\/td>\n<\/tr>\n<tr align=\"left\" valign=\"top\">\n<td><strong>Erg\u00e4nzt<\/strong><\/td>\n<td>20.01.2014<\/td>\n<\/tr>\n<\/tbody>\n<\/table>\n<\/td>\n<\/tr>\n<\/tbody>\n<\/table>\n<p><a name=\"haftung\"><\/a><\/p>\n<table summary=\"\" width=\"99%\" border=\"0\" cellspacing=\"0\" cellpadding=\"0\" bgcolor=\"#2d476c\">\n<tbody>\n<tr>\n<td width=\"15\"><img loading=\"lazy\" decoding=\"async\" src=\"http:\/\/www.agenda-news.de\/images\/pfeil_rechts.gif\" alt=\"\" width=\"10\" height=\"10\" border=\"0\" \/><\/td>\n<td><strong><span style=\"font-family: Verdana, Arial, Helvetica, sans-serif; font-size: 10;\">Disclaimer \/ Haftungsausschluss \/ Datenschutz <\/span><\/strong><\/td>\n<\/tr>\n<\/tbody>\n<\/table>\n<p>&nbsp;<\/p>\n<table summary=\"\" width=\"257\" border=\"0\" cellspacing=\"0\" cellpadding=\"0\">\n<tbody>\n<tr>\n<td><strong><span style=\"font-family: Verdana, Arial, Helvetica, sans-serif; font-size: 9;\">Inhalt des Onlineangebotes <\/span><\/strong><\/td>\n<\/tr>\n<\/tbody>\n<\/table>\n<table summary=\"\" width=\"90%\" border=\"0\" cellspacing=\"0\" cellpadding=\"10\" bgcolor=\"#eeeeee\">\n<tbody>\n<tr>\n<td colspan=\"3\" valign=\"top\">Der Betreiber von agenda-news.de \u00fcbernimmt keinerlei Gew\u00e4hr f\u00fcr die Aktualit\u00e4t, Korrektheit, Vollst\u00e4ndigkeit oder Qualit\u00e4t der bereitgestellten Informationen. Haftungsanspr\u00fcche, welche sich auf Sch\u00e4den materieller oder ideeller Art beziehen, die durch die Nutzung oder Nichtnutzung der dargebotenen Informationen bzw. durch die Nutzung fehlerhafter und unvollst\u00e4ndiger Informationen verursacht wurden sind ausgeschlossen.<br \/>\nAlle Angebote sind freibleibend und unverbindlich. Der Betreiber von agenda-news.de beh\u00e4lt es sich ausdr\u00fccklich vor, Teile der Seite oder das gesamte Angebot ohne gesonderte Ank\u00fcndigung zu ver\u00e4ndern, zu erg\u00e4nzen, zu l\u00f6schen oder die Ver\u00f6ffentlichung zeitweise oder endg\u00fcltig einzustellen.<\/td>\n<\/tr>\n<\/tbody>\n<\/table>\n<p>&nbsp;<\/p>\n<table summary=\"\" width=\"154\" border=\"0\" cellspacing=\"0\" cellpadding=\"0\">\n<tbody>\n<tr>\n<td><strong><span style=\"font-family: Verdana, Arial, Helvetica, sans-serif; font-size: 9;\">Verweise und Links <\/span><\/strong><\/td>\n<\/tr>\n<\/tbody>\n<\/table>\n<table summary=\"\" width=\"90%\" border=\"0\" cellspacing=\"0\" cellpadding=\"10\" bgcolor=\"#eeeeee\">\n<tbody>\n<tr>\n<td colspan=\"3\" valign=\"top\">Bei direkten oder indirekten Verweisen auf fremde Internetseiten (&#8222;Links&#8220;), die au\u00dferhalb unseres Verantwortungsbereiches liegen, lehnt der Betreiber von agenda-news.de jede Verantwortung ab. Der Betreiber von agenda-news.de hat keinerlei Einfluss auf die aktuelle und zuk\u00fcnftige Gestaltung und auf die Inhalte der gelinkten \/ verkn\u00fcpften Seiten. Deshalb distanziert sich der Betreiber von agenda-news.de hiermit ausdr\u00fccklich von allen Inhalten aller gelinkten \/ verkn\u00fcpften Seiten. Diese Feststellung gilt f\u00fcr alle innerhalb des eigenen Internetangebotes gesetzten Links und Verweise sowie f\u00fcr Fremdeintr\u00e4ge in die von uns eingerichteten G\u00e4steb\u00fcchern, Diskussionsforen und Mailinglisten. F\u00fcr illegale, fehlerhafte oder unvollst\u00e4ndige Inhalte und insbesondere f\u00fcr Sch\u00e4den, die aus der Nutzung oder Nichtnutzung solcherart dargebotener Informationen entstehen, haftet allein der Anbieter der Seite, auf welche verwiesen wurde.<\/td>\n<\/tr>\n<\/tbody>\n<\/table>\n<p>&nbsp;<\/p>\n<table summary=\"\" width=\"257\" border=\"0\" cellspacing=\"0\" cellpadding=\"0\">\n<tbody>\n<tr>\n<td><strong><span style=\"font-family: Verdana, Arial, Helvetica, sans-serif; font-size: 9;\">Urheber- und Kennzeichenrecht <\/span><\/strong><\/td>\n<\/tr>\n<\/tbody>\n<\/table>\n<table summary=\"\" width=\"90%\" border=\"0\" cellspacing=\"0\" cellpadding=\"10\" bgcolor=\"#eeeeee\">\n<tbody>\n<tr>\n<td colspan=\"3\" valign=\"top\">Der Betreiber von agenda-news.de ist bestrebt, in allen Publikationen die Urheberrechte der verwendeten Objekte (Grafiken, Tondokumente, Videosequenzen, Texte usw.) zu beachten, von ihm selbst erstellte Objekte (Grafiken, Tondokumente, Videosequenzen, Texte usw.) zu nutzen oder auf lizenzfreie Grafiken, Tondokumente, Videosequenzen und Texte zur\u00fcckzugreifen.<br \/>\nAlle innerhalb des Internetangebotes genannten und ggf. durch Dritte gesch\u00fctzten Marken- und Warenzeichen unterliegen uneingeschr\u00e4nkt den Bestimmungen des jeweils g\u00fcltigen Kennzeichenrechts und den Besitzrechten der jeweiligen eingetragenen Eigent\u00fcmer. Allein aufgrund der blo\u00dfen Nennung ist nicht der Schluss zu ziehen, dass Markenzeichen nicht durch Rechte Dritter gesch\u00fctzt sind!<br \/>\nDas Copyright f\u00fcr ver\u00f6ffentlichte, von agenda-news.de selbst erstellter Objekte (Grafiken, Tondokumente, Videosequenzen, Texte usw.) bleibt allein bei agenda-news.de. Eine Vervielf\u00e4ltigung oder Verwendung unserer Grafiken, Tondokumente, Videosequenzen und Texte in anderen elektronischen oder gedruckten Publikationen ist ohne unsere ausdr\u00fcckliche Zustimmung nicht gestattet.<\/td>\n<\/tr>\n<\/tbody>\n<\/table>\n<p>&nbsp;<\/p>\n<table summary=\"\" width=\"90%\" border=\"0\" cellspacing=\"0\" cellpadding=\"10\" bgcolor=\"#eeeeee\">\n<tbody>\n<tr>\n<td colspan=\"3\" valign=\"top\">\n<h1>&nbsp;Datenschutz<\/h1>\n<table cellspacing=\"0\" cellpadding=\"10\" bgcolor=\"#eeeeee\" border=\"0\" width=\"90%\">\n<tbody>\n<tr>\n<td colspan=\"3\" valign=\"top\">\n<p class=\"text\">Wir halten uns an die EU-Datenschutz-Grundverordnung (EU-DSGVO).<\/br><br \/>\n          Die <strong>Datenschutzerkl\u00e4rung<\/strong> finden Sie <a href=\".\/index.php?page_id=4084\" title=\"Datenschutzerkl\u00e4rung\">hier!<\/a>.\n         <\/p>\n<\/td>\n<\/tr>\n<\/tbody>\n<\/table>\n<\/td>\n<\/tr>\n<\/tbody>\n<\/table>\n<p>&nbsp;<\/p>\n<table summary=\"\" width=\"381\" border=\"0\" cellspacing=\"0\" cellpadding=\"0\">\n<tbody>\n<tr>\n<td><strong><span style=\"font-family: Verdana, Arial, Helvetica, sans-serif; font-size: 9;\">Rechtswirksamkeit dieses Haftungsausschlusses <\/span><\/strong><\/td>\n<\/tr>\n<\/tbody>\n<\/table>\n<table summary=\"\" width=\"90%\" border=\"0\" cellspacing=\"0\" cellpadding=\"10\" bgcolor=\"#eeeeee\">\n<tbody>\n<tr>\n<td colspan=\"3\" valign=\"top\">Dieser Haftungsausschluss ist als Teil des Internetangebotes zu betrachten. Sofern Teile oder einzelne Formulierungen dieses Textes der geltenden Rechtslage nicht, nicht mehr oder nicht vollst\u00e4ndig entsprechen sollten, bleiben die \u00fcbrigen Teile des Dokumentes in ihrem Inhalt und ihrer G\u00fcltigkeit davon unber\u00fchrt.<\/td>\n<\/tr>\n<\/tbody>\n<\/table>\n","protected":false},"excerpt":{"rendered":"<p>Impressum Anschrift Agenda -News Dieter Neumann Ahltener Stra\u00dfe 25 D 31275 Lehrte Beruf Freier Journalist Buchautor Telefon 05132 52919 Telefax 05132 52919 E-Mail info@agenda-news.de Internet www.agenda-news.de Gegr\u00fcndet 2012 Umsatzsteuer- Identifikationsnummer 16-131-06189 Verantwortlicher im Sinne des \u00a7 55 Abs. 2 RStV &hellip; <a href=\"http:\/\/www.agenda-news.de\/?page_id=10\">Weiterlesen <span class=\"meta-nav\">&rarr;<\/span><\/a><\/p>\n","protected":false},"author":1,"featured_media":0,"parent":0,"menu_order":0,"comment_status":"open","ping_status":"open","template":"","meta":{"footnotes":""},"class_list":["post-10","page","type-page","status-publish","hentry"],"_links":{"self":[{"href":"http:\/\/www.agenda-news.de\/index.php?rest_route=\/wp\/v2\/pages\/10","targetHints":{"allow":["GET"]}}],"collection":[{"href":"http:\/\/www.agenda-news.de\/index.php?rest_route=\/wp\/v2\/pages"}],"about":[{"href":"http:\/\/www.agenda-news.de\/index.php?rest_route=\/wp\/v2\/types\/page"}],"author":[{"embeddable":true,"href":"http:\/\/www.agenda-news.de\/index.php?rest_route=\/wp\/v2\/users\/1"}],"replies":[{"embeddable":true,"href":"http:\/\/www.agenda-news.de\/index.php?rest_route=%2Fwp%2Fv2%2Fcomments&post=10"}],"version-history":[{"count":16,"href":"http:\/\/www.agenda-news.de\/index.php?rest_route=\/wp\/v2\/pages\/10\/revisions"}],"predecessor-version":[{"id":4091,"href":"http:\/\/www.agenda-news.de\/index.php?rest_route=\/wp\/v2\/pages\/10\/revisions\/4091"}],"wp:attachment":[{"href":"http:\/\/www.agenda-news.de\/index.php?rest_route=%2Fwp%2Fv2%2Fmedia&parent=10"}],"curies":[{"name":"wp","href":"https:\/\/api.w.org\/{rel}","templated":true}]}}